{"id":1466,"date":"2021-11-16T19:14:12","date_gmt":"2021-11-17T00:14:12","guid":{"rendered":"https:\/\/msvivianviolinviola.com\/ja\/?page_id=1466"},"modified":"2025-02-20T23:29:49","modified_gmt":"2025-02-21T04:29:49","slug":"ms-vivian","status":"publish","type":"page","link":"https:\/\/msvivianviolinviola.com\/ja\/ms-vivian\/","title":{"rendered":"Ms. Vivian"},"content":{"rendered":"\n<div class=\"wp-block-columns is-layout-flex wp-container-core-columns-is-layout-9d6595d7 wp-block-columns-is-layout-flex\">\n<div class=\"wp-block-column is-layout-flow wp-block-column-is-layout-flow\" style=\"flex-basis:66.66%\">\n<ul class=\"wp-block-list\">\n<li class=\"has-medium-font-size\">\u82f1\u8a9e\u3068\u4e2d\u56fd\u8a9e\u3092\u8a71\u3059\u3053\u3068\u304c\u3067\u304d\u307e\u3059\u3002\u7c21\u5358\u306a\u30d5\u30e9\u30f3\u30b9\u8a9e\u3068\u65e5\u672c\u8a9e\u3067\u306e\u30ec\u30c3\u30b9\u30f3\u3082\u53ef\u80fd\u3067\u3059\u3002<\/li>\n\n\n\n<li class=\"has-medium-font-size\">\u30b9\u30ba\u30ad\u30fb\u30e1\u30bd\u30fc\u30c9Long-Term Teacher Training Program\u4fee\u4e86\u3002<\/li>\n\n\n\n<li class=\"has-medium-font-size\">\u53f0\u6e7e\u3001\u30d5\u30e9\u30f3\u30b9\u3001\u30a2\u30e1\u30ea\u30ab\u306710\u5e74\u4ee5\u4e0a\u306e\u6307\u5c0e\u7d4c\u9a13\u3002<\/li>\n\n\n\n<li class=\"has-medium-font-size\">Reuil Malmaison conservatoire (\u30d1\u30ea-\u30d5\u30e9\u30f3\u30b9)\u306b\u3066\u30d0\u30a4\u30aa\u30ea\u30f3\u3068\u30d3\u30aa\u30e9\u306e Dipl\u00f4me of DEM (Dipl\u00f4me \u00c9tude Musicale), Prix d\u2019excellence, Prix de Virtuosit\u00e9 \u53d6\u5f97\u3002<\/li>\n\n\n\n<li class=\"has-medium-font-size\">\u56fd\u7acb\u65b0\u7af9\u6559\u80b2\u5927\u5b66\u82b8\u8853\u5b66\u90e8 (\u53f0\u6e7e\u3001\u73fe \u56fd\u7acb\u6e05\u83ef\u5927\u5b66\u82b8\u8853\u5b66\u90e8) \u5352\u696d<\/li>\n\n\n\n<li class=\"has-medium-font-size\">5\u6b73\u3088\u308a\u30d4\u30a2\u30ce\u3092\u30016\u6b73\u304b\u3089\u30d0\u30a4\u30aa\u30ea\u30f3\u3092\u59cb\u3081\u308b\u3002<\/li>\n<\/ul>\n<\/div>\n\n\n\n<div class=\"wp-block-column is-vertically-aligned-top is-layout-flow wp-block-column-is-layout-flow\" style=\"flex-basis:33.33%\">\n<figure class=\"wp-block-image size-large\"><img data-recalc-dims=\"1\" height=\"1024\" width=\"734\" decoding=\"async\" src=\"https:\/\/i0.wp.com\/msvivianviolinviola.com\/wp-content\/uploads\/2021\/04\/violinist-734x1024.jpg?resize=734%2C1024&#038;ssl=1\" alt=\"\" class=\"wp-image-1364\"\/><\/figure>\n<\/div>\n<\/div>\n","protected":false},"excerpt":{"rendered":"","protected":false},"author":1,"featured_media":0,"parent":0,"menu_order":0,"comment_status":"closed","ping_status":"closed","template":"","meta":{"_monsterinsights_skip_tracking":false,"_monsterinsights_sitenote_active":false,"_monsterinsights_sitenote_note":"","_monsterinsights_sitenote_category":0,"footnotes":""},"class_list":["post-1466","page","type-page","status-publish","hentry"],"aioseo_notices":[],"jetpack_sharing_enabled":true,"_links":{"self":[{"href":"https:\/\/msvivianviolinviola.com\/ja\/wp-json\/wp\/v2\/pages\/1466","targetHints":{"allow":["GET"]}}],"collection":[{"href":"https:\/\/msvivianviolinviola.com\/ja\/wp-json\/wp\/v2\/pages"}],"about":[{"href":"https:\/\/msvivianviolinviola.com\/ja\/wp-json\/wp\/v2\/types\/page"}],"author":[{"embeddable":true,"href":"https:\/\/msvivianviolinviola.com\/ja\/wp-json\/wp\/v2\/users\/1"}],"replies":[{"embeddable":true,"href":"https:\/\/msvivianviolinviola.com\/ja\/wp-json\/wp\/v2\/comments?post=1466"}],"version-history":[{"count":4,"href":"https:\/\/msvivianviolinviola.com\/ja\/wp-json\/wp\/v2\/pages\/1466\/revisions"}],"predecessor-version":[{"id":1718,"href":"https:\/\/msvivianviolinviola.com\/ja\/wp-json\/wp\/v2\/pages\/1466\/revisions\/1718"}],"wp:attachment":[{"href":"https:\/\/msvivianviolinviola.com\/ja\/wp-json\/wp\/v2\/media?parent=1466"}],"curies":[{"name":"wp","href":"https:\/\/api.w.org\/{rel}","templated":true}]}}